{"id":100,"date":"2023-07-31T06:03:49","date_gmt":"2023-07-31T06:03:49","guid":{"rendered":"http:\/\/update.treuhandverein.de\/?page_id=100"},"modified":"2023-07-31T06:03:49","modified_gmt":"2023-07-31T06:03:49","slug":"auflagen-zur-fes-seminarerlaubnis-verkehrspaedagogik","status":"publish","type":"page","link":"https:\/\/treuhandverein.de\/?page_id=100","title":{"rendered":"Auflagen zur FES-Seminarerlaubnis Verkehrsp\u00e4dagogik\u00a0"},"content":{"rendered":"<h2>Auflagen zur FES-Seminarerlaubnis Verkehrsp\u00e4dagogik<\/h2>\n<div>Gem. Erlass des Verkehrsministeriums Baden-W\u00fcrttemberg vom 24.11.2014 Az.: 3-3854\/935<\/div>\n<ol>\n<li>\n<div>\u00dcber die verkehrsp\u00e4dagogische Teilma\u00dfnahme des Fahreignungsseminars sind<\/div>\n<div>Aufzeichnungen gem\u00e4\u00df \u00a7 43 Abs. 1 Nr. 4 und Nr. 5 FeV zu f\u00fchren. Diese sind aufzubewahren und auf Verlangen bei der \u00dcberwachung vorzulegen.<\/div>\n<\/li>\n<li>\n<div>Die verkehrsp\u00e4dagogische Teilma\u00dfnahme des Fahreignungsseminars darf nur in<\/div>\n<div>Unterrichtsr\u00e4umen von Fahrschulen durchgef\u00fchrt werden, die den Anforderungen nach \u00a7\u00a7 3 und 4 und der Anlage 2 DV-FahrlG sowie der Richtlinie \u00fcber die Ausstattung von Fahrschulen mit Lehrmittel in der jeweils g\u00fcltigen Fassung entsprechen und dar\u00fcber hinaus so beschaffen und eingerichtet sind, dass Gruppenarbeit stattfinden kann. Au\u00dferdem m\u00fcssen ausreichende freie Fl\u00e4chen zur Visualisierung der Arbeitsergebnisse zur Verf\u00fcgung stehen.<\/div>\n<\/li>\n<li>\n<div>Bei der Durchf\u00fchrung der verkehrsp\u00e4dagogischen Teilma\u00dfnahme des Fahreignungsseminars sind die Vorgaben gem\u00e4\u00df \u00a7 42 Abs. 2 bis 5 FeV zu beachten.<\/div>\n<\/li>\n<li>\n<div>Bei der verkehrsp\u00e4dagogischen Teilma\u00dfnahme des Fahreignungsseminars m\u00fcssen<\/div>\n<div>geeignete Visualisierungsm\u00f6glichkeiten gem\u00e4\u00df Anlage 16 zur FeV eingesetzt werden. Au\u00dferdem m\u00fcssen f\u00fcr die Arbeiten und Hausaufgaben der Teilnehmer\/innen Arbeitsbl\u00e4tter gem\u00e4\u00df Anlage 16 zur FeV und Schreibstifte in ausreichender Zahl zur Verf\u00fcgung stehen.<\/div>\n<\/li>\n<li>\n<div>Der beabsichtigte Beginn der verkehrsp\u00e4dagogischen Teilma\u00dfnahme eines Fahreignungsseminars ist der \u00f6rtlich zust\u00e4ndigen Erlaubnisbeh\u00f6rde sowie der Gesch\u00e4ftsstelle des Treuhandvereins rechtzeitig schriftlich anzuzeigen.<\/div>\n<\/li>\n<li>\n<div>Seminarteilnehmer\/innen, die das Seminar grob st\u00f6ren (z.B. im angetrunkenen Zustand erscheinen) sind von der Seminarteilnahme auszuschlie\u00dfen.<\/div>\n<\/li>\n<li>\n<div>Die Teilnahmebescheinigung ist zu verweigern, wenn ein\/e Teilnehmer\/in nicht an allen Sitzungen teilgenommen hat, eine offene Ablehnung der Ma\u00dfnahme zeigt oder den Lehrstoff und Lernstoff nicht aktiv mitgestaltet (\u00a7 44 Abs. 2 FeV). Erscheint ein\/e Teilnehmer\/in, gleich aus welchem Grund, erst mehr als 15 Minuten nach Sitzungsbeginn,<\/div>\n<div>ist er\/sie von der weiteren Seminarteilnahme auszuschlie\u00dfen.<\/div>\n<\/li>\n<\/ol>\n","protected":false},"excerpt":{"rendered":"<p>Auflagen zur FES-Seminarerlaubnis Verkehrsp\u00e4dagogik Gem. Erlass des Verkehrsministeriums Baden-W\u00fcrttemberg vom 24.11.2014 Az.: 3-3854\/935 \u00dcber die verkehrsp\u00e4dagogische Teilma\u00dfnahme des Fahreignungsseminars sind Aufzeichnungen gem\u00e4\u00df \u00a7 43 Abs. 1 Nr. 4 und Nr. 5 FeV zu f\u00fchren. Diese sind aufzubewahren und auf Verlangen bei der \u00dcberwachung vorzulegen. Die verkehrsp\u00e4dagogische Teilma\u00dfnahme des Fahreignungsseminars darf nur in Unterrichtsr\u00e4umen von Fahrschulen [&hellip;]<\/p>\n","protected":false},"author":1,"featured_media":0,"parent":0,"menu_order":0,"comment_status":"closed","ping_status":"closed","template":"","meta":{"footnotes":""},"_links":{"self":[{"href":"https:\/\/treuhandverein.de\/index.php?rest_route=\/wp\/v2\/pages\/100"}],"collection":[{"href":"https:\/\/treuhandverein.de\/index.php?rest_route=\/wp\/v2\/pages"}],"about":[{"href":"https:\/\/treuhandverein.de\/index.php?rest_route=\/wp\/v2\/types\/page"}],"author":[{"embeddable":true,"href":"https:\/\/treuhandverein.de\/index.php?rest_route=\/wp\/v2\/users\/1"}],"replies":[{"embeddable":true,"href":"https:\/\/treuhandverein.de\/index.php?rest_route=%2Fwp%2Fv2%2Fcomments&post=100"}],"version-history":[{"count":1,"href":"https:\/\/treuhandverein.de\/index.php?rest_route=\/wp\/v2\/pages\/100\/revisions"}],"predecessor-version":[{"id":101,"href":"https:\/\/treuhandverein.de\/index.php?rest_route=\/wp\/v2\/pages\/100\/revisions\/101"}],"wp:attachment":[{"href":"https:\/\/treuhandverein.de\/index.php?rest_route=%2Fwp%2Fv2%2Fmedia&parent=100"}],"curies":[{"name":"wp","href":"https:\/\/api.w.org\/{rel}","templated":true}]}}