{"id":102,"date":"2023-07-31T06:04:05","date_gmt":"2023-07-31T06:04:05","guid":{"rendered":"http:\/\/update.treuhandverein.de\/?page_id=102"},"modified":"2023-07-31T06:04:05","modified_gmt":"2023-07-31T06:04:05","slug":"auflagen-zur-fes-seminarerlaubnis-verkehrspsychologie","status":"publish","type":"page","link":"https:\/\/treuhandverein.de\/?page_id=102","title":{"rendered":"Auflagen zur FES-Seminarerlaubnis Verkehrspsychologie"},"content":{"rendered":"<h2><b>Auflagen zur FES-Seminarerlaubnis Verkehrspsychologie<\/b><\/h2>\n<p>Gem. Erlass des Verkehrsministeriums Baden-W\u00fcrttemberg vom 24.11.2014 Az.: 3-3854\/935<\/p>\n<ol>\n<li>\u00dcber die verkehrspsychologische Teilma\u00dfnahme des Fahreignungsseminars sind<br \/>\nAufzeichnungen gem\u00e4\u00df \u00a7 43 Abs. 1 Nr. 4 und Nr. 5 FeV zu f\u00fchren. Diese sind aufzubewahren und auf Verlangen bei der \u00dcberwachung vorzulegen.<\/li>\n<li>Die verkehrspsychologische Teilma\u00dfnahme des Fahreignungsseminars darf nur in<br \/>\nR\u00e4umen durchgef\u00fchrt, die von einer Erlaubnis der \u00f6rtlich zust\u00e4ndigen Erlaubnisbeh\u00f6rde nach \u00a7 4a Abs. 3 und Abs. 4 StVG umfasst sind.<\/li>\n<li>Bei der Durchf\u00fchrung der verkehrspsychologischen Teilma\u00dfnahme des Fahreignungsseminars sind die Vorgaben gem\u00e4\u00df \u00a7 42 Abs. 6 bis 9 FeV zu beachten.<\/li>\n<li>Der beabsichtigte Beginn der verkehrspsychologischen Teilma\u00dfnahme eines Fahreignungsseminars ist der nach \u00a7 3 Abs. 1 Nr. 2 LVwVfG am Ort der Praxisr\u00e4ume \u00f6rtlich<br \/>\nzust\u00e4ndigen Erlaubnisbeh\u00f6rde sowie der Gesch\u00e4ftsstelle des Treuhandvereins schriftlich anzuzeigen.<\/li>\n<li>Seminarteilnehmer\/innen, die das Seminar grob st\u00f6ren (z.B. im angetrunkenen Zustand erscheinen) sind von der Seminarteilnahme auszuschlie\u00dfen.<\/li>\n<li>Die Teilnahmebescheinigung ist zu verweigern, wenn ein\/e Teilnehmer\/in nicht an allen Sitzungen teilgenommen hat, eine offene Ablehnung der Ma\u00dfnahme zeigt oder den Lehrstoff und Lernstoff nicht aktiv mitgestaltet (\u00a7 44 Abs. 2 FeV). Erscheint ein\/e Teilnehmer\/in, gleich aus welchem Grund, erst mehr als 15 Minuten nach Sitzungsbeginn,<br \/>\nist er\/sie von der weiteren Seminarteilnahme auszuschlie\u00dfe<\/li>\n<\/ol>\n","protected":false},"excerpt":{"rendered":"<p>Auflagen zur FES-Seminarerlaubnis Verkehrspsychologie Gem. Erlass des Verkehrsministeriums Baden-W\u00fcrttemberg vom 24.11.2014 Az.: 3-3854\/935 \u00dcber die verkehrspsychologische Teilma\u00dfnahme des Fahreignungsseminars sind Aufzeichnungen gem\u00e4\u00df \u00a7 43 Abs. 1 Nr. 4 und Nr. 5 FeV zu f\u00fchren. Diese sind aufzubewahren und auf Verlangen bei der \u00dcberwachung vorzulegen. Die verkehrspsychologische Teilma\u00dfnahme des Fahreignungsseminars darf nur in R\u00e4umen durchgef\u00fchrt, die [&hellip;]<\/p>\n","protected":false},"author":1,"featured_media":0,"parent":0,"menu_order":0,"comment_status":"closed","ping_status":"closed","template":"","meta":{"footnotes":""},"_links":{"self":[{"href":"https:\/\/treuhandverein.de\/index.php?rest_route=\/wp\/v2\/pages\/102"}],"collection":[{"href":"https:\/\/treuhandverein.de\/index.php?rest_route=\/wp\/v2\/pages"}],"about":[{"href":"https:\/\/treuhandverein.de\/index.php?rest_route=\/wp\/v2\/types\/page"}],"author":[{"embeddable":true,"href":"https:\/\/treuhandverein.de\/index.php?rest_route=\/wp\/v2\/users\/1"}],"replies":[{"embeddable":true,"href":"https:\/\/treuhandverein.de\/index.php?rest_route=%2Fwp%2Fv2%2Fcomments&post=102"}],"version-history":[{"count":1,"href":"https:\/\/treuhandverein.de\/index.php?rest_route=\/wp\/v2\/pages\/102\/revisions"}],"predecessor-version":[{"id":103,"href":"https:\/\/treuhandverein.de\/index.php?rest_route=\/wp\/v2\/pages\/102\/revisions\/103"}],"wp:attachment":[{"href":"https:\/\/treuhandverein.de\/index.php?rest_route=%2Fwp%2Fv2%2Fmedia&parent=102"}],"curies":[{"name":"wp","href":"https:\/\/api.w.org\/{rel}","templated":true}]}}