{"id":2,"date":"2023-07-27T09:04:10","date_gmt":"2023-07-27T09:04:10","guid":{"rendered":"http:\/\/update.treuhandverein.de\/?page_id=2"},"modified":"2024-09-17T14:15:25","modified_gmt":"2024-09-17T14:15:25","slug":"sample-page","status":"publish","type":"page","link":"https:\/\/treuhandverein.de\/","title":{"rendered":"Der Verein"},"content":{"rendered":"\r\n<h1><strong><em>Der Verein stellt sich vor<\/em><\/strong><\/h1>\r\n\r\n\r\n\r\n<p>Seit 1981 hat der Treuhandverein f\u00fcr Verkehrserziehung und Verkehrssicherheit e.V. in Baden-W\u00fcrttemberg eine wichtige Rolle bei der \u00dcberwachung von Fahrschulen gem\u00e4\u00df \u00a751 des Fahrlehrergesetzes \u00fcbernommen. Als anerkannte &#8222;geeignete Stelle&#8220; im Sinne dieser gesetzlichen Vorschrift arbeitet der Treuhandverein eng mit den \u00f6rtlich zust\u00e4ndigen Fahrerlaubnisbeh\u00f6rden zusammen. Ihre Hauptaufgabe besteht darin, vor Ort Feststellungen zu treffen, um die Qualit\u00e4t der Fahrschulausbildung und die Einhaltung der gesetzlichen Bestimmungen sicherzustellen.<\/p>\r\n\r\n\r\n\r\n<p>Die Pr\u00fcfer und Sachverst\u00e4ndigen des Vereins spielen eine entscheidende Rolle, indem sie sorgf\u00e4ltige \u00dcberwachungen durchf\u00fchren und eine objektive Beurteilung der Fahrschulen und ihrer Lehrmethoden liefern. Ihr Fokus liegt auf der Sicherheit und dem Wohl der Fahrsch\u00fcler, indem sie sicherstellen, dass die Fahrschulen die erforderlichen Standards erf\u00fcllen und ein hohes Ma\u00df an Professionalit\u00e4t gew\u00e4hrleisten.<\/p>\r\n\r\n\r\n\r\n<p>Obwohl der Treuhandverein wertvolle Beobachtungen macht und Berichte an die Fahrerlaubnisbeh\u00f6rden weitergibt, liegt die endg\u00fcltige Entscheidungsgewalt \u00fcber m\u00f6gliche Ma\u00dfnahmen bei der Erlaubnisbeh\u00f6rde. Dies gew\u00e4hrleistet einen ausgewogenen Prozess, bei dem die Beh\u00f6rden die abschlie\u00dfende Verantwortung tragen und die eingehenden Informationen und Empfehlungen des Treuhandvereins in ihre Entscheidungsfindung einbeziehen.<\/p>\r\n\r\n\r\n\r\n<p>Durch die enge Kooperation zwischen dem Treuhandverein und den Fahrerlaubnisbeh\u00f6rden wird gew\u00e4hrleistet, dass die Fahrschulen in Baden-W\u00fcrttemberg stets den h\u00f6chsten Standards entsprechen und die Verkehrssicherheit f\u00fcr alle Verkehrsteilnehmer gew\u00e4hrleistet wird. Dieser gemeinsame Einsatz f\u00fcr die Qualit\u00e4t der Verkehrserziehung und die Sicherheit auf den Stra\u00dfen tr\u00e4gt dazu bei, dass Fahrerinnen und Fahrer optimal ausgebildet werden und somit zu einer verantwortungsbewussten und umsichtigen Teilnahme am Stra\u00dfenverkehr beitragen.<\/p>\r\n\r\n\r\n","protected":false},"excerpt":{"rendered":"<p>Der Verein stellt sich vor Seit 1981 hat der Treuhandverein f\u00fcr Verkehrserziehung und Verkehrssicherheit e.V. in Baden-W\u00fcrttemberg eine wichtige Rolle bei der \u00dcberwachung von Fahrschulen gem\u00e4\u00df \u00a751 des Fahrlehrergesetzes \u00fcbernommen. Als anerkannte &#8222;geeignete Stelle&#8220; im Sinne dieser gesetzlichen Vorschrift arbeitet der Treuhandverein eng mit den \u00f6rtlich zust\u00e4ndigen Fahrerlaubnisbeh\u00f6rden zusammen. Ihre Hauptaufgabe besteht darin, vor Ort [&hellip;]<\/p>\n","protected":false},"author":1,"featured_media":0,"parent":0,"menu_order":0,"comment_status":"closed","ping_status":"open","template":"","meta":{"footnotes":""},"_links":{"self":[{"href":"https:\/\/treuhandverein.de\/index.php?rest_route=\/wp\/v2\/pages\/2"}],"collection":[{"href":"https:\/\/treuhandverein.de\/index.php?rest_route=\/wp\/v2\/pages"}],"about":[{"href":"https:\/\/treuhandverein.de\/index.php?rest_route=\/wp\/v2\/types\/page"}],"author":[{"embeddable":true,"href":"https:\/\/treuhandverein.de\/index.php?rest_route=\/wp\/v2\/users\/1"}],"replies":[{"embeddable":true,"href":"https:\/\/treuhandverein.de\/index.php?rest_route=%2Fwp%2Fv2%2Fcomments&post=2"}],"version-history":[{"count":9,"href":"https:\/\/treuhandverein.de\/index.php?rest_route=\/wp\/v2\/pages\/2\/revisions"}],"predecessor-version":[{"id":130,"href":"https:\/\/treuhandverein.de\/index.php?rest_route=\/wp\/v2\/pages\/2\/revisions\/130"}],"wp:attachment":[{"href":"https:\/\/treuhandverein.de\/index.php?rest_route=%2Fwp%2Fv2%2Fmedia&parent=2"}],"curies":[{"name":"wp","href":"https:\/\/api.w.org\/{rel}","templated":true}]}}