{"id":59,"date":"2023-07-30T19:17:24","date_gmt":"2023-07-30T19:17:24","guid":{"rendered":"http:\/\/update.treuhandverein.de\/?page_id=59"},"modified":"2024-11-11T14:09:35","modified_gmt":"2024-11-11T14:09:35","slug":"vorstand-und-geschaeftsfuehrung","status":"publish","type":"page","link":"https:\/\/treuhandverein.de\/?page_id=59","title":{"rendered":"Vorstand und Gesch\u00e4ftsf\u00fchrung"},"content":{"rendered":"<h3 style=\"font-weight: 400;\"><strong>Vorstand<\/strong><\/h3>\n<p style=\"font-weight: 400;\">Der Vorstand ist ehrenamtlich t\u00e4tig und besteht aktuell aus 3 Vorstandsmitgliedern<\/p>\n<h3 style=\"font-weight: 400;\"><b>Gesch\u00e4ftsf\u00fchrung<\/b><\/h3>\n<p style=\"font-weight: 400;\"><img loading=\"lazy\" decoding=\"async\" class=\"alignnone size-medium wp-image-67\" src=\"http:\/\/update.treuhandverein.de\/wp-content\/uploads\/2023\/07\/mein-bewerbungsfoto-226x300.jpg\" alt=\"\" width=\"226\" height=\"300\" srcset=\"https:\/\/treuhandverein.de\/wp-content\/uploads\/2023\/07\/mein-bewerbungsfoto-226x300.jpg 226w, https:\/\/treuhandverein.de\/wp-content\/uploads\/2023\/07\/mein-bewerbungsfoto-770x1024.jpg 770w, https:\/\/treuhandverein.de\/wp-content\/uploads\/2023\/07\/mein-bewerbungsfoto-768x1022.jpg 768w, https:\/\/treuhandverein.de\/wp-content\/uploads\/2023\/07\/mein-bewerbungsfoto-1155x1536.jpg 1155w, https:\/\/treuhandverein.de\/wp-content\/uploads\/2023\/07\/mein-bewerbungsfoto-1540x2048.jpg 1540w, https:\/\/treuhandverein.de\/wp-content\/uploads\/2023\/07\/mein-bewerbungsfoto-scaled.jpg 1925w\" sizes=\"(max-width: 226px) 100vw, 226px\" \/><br \/>\nGesch\u00e4ftsf\u00fchrer\u00a0seit 2023 Herr Bernhard Rauleder<\/p>\n<h3 style=\"font-weight: 400;\"><strong>Gesch\u00e4ftsstelle<\/strong><\/h3>\n<p style=\"font-weight: 400;\">Die Gesch\u00e4ftsstelle befindet sich in 71409 Schwaikheim &#8211; Ziegelstra\u00dfe 11\/1<\/p>\n<p style=\"font-weight: 400;\">und ist von Montag und Donnerstag in der Zeit von 8:00 &#8211; 12:00 Uhr telefonisch erreichbar<\/p>\n","protected":false},"excerpt":{"rendered":"<p>Vorstand Der Vorstand ist ehrenamtlich t\u00e4tig und besteht aktuell aus 3 Vorstandsmitgliedern Gesch\u00e4ftsf\u00fchrung Gesch\u00e4ftsf\u00fchrer\u00a0seit 2023 Herr Bernhard Rauleder Gesch\u00e4ftsstelle Die Gesch\u00e4ftsstelle befindet sich in 71409 Schwaikheim &#8211; Ziegelstra\u00dfe 11\/1 und ist von Montag und Donnerstag in der Zeit von 8:00 &#8211; 12:00 Uhr telefonisch erreichbar<\/p>\n","protected":false},"author":1,"featured_media":0,"parent":0,"menu_order":0,"comment_status":"closed","ping_status":"closed","template":"","meta":{"footnotes":""},"_links":{"self":[{"href":"https:\/\/treuhandverein.de\/index.php?rest_route=\/wp\/v2\/pages\/59"}],"collection":[{"href":"https:\/\/treuhandverein.de\/index.php?rest_route=\/wp\/v2\/pages"}],"about":[{"href":"https:\/\/treuhandverein.de\/index.php?rest_route=\/wp\/v2\/types\/page"}],"author":[{"embeddable":true,"href":"https:\/\/treuhandverein.de\/index.php?rest_route=\/wp\/v2\/users\/1"}],"replies":[{"embeddable":true,"href":"https:\/\/treuhandverein.de\/index.php?rest_route=%2Fwp%2Fv2%2Fcomments&post=59"}],"version-history":[{"count":4,"href":"https:\/\/treuhandverein.de\/index.php?rest_route=\/wp\/v2\/pages\/59\/revisions"}],"predecessor-version":[{"id":131,"href":"https:\/\/treuhandverein.de\/index.php?rest_route=\/wp\/v2\/pages\/59\/revisions\/131"}],"wp:attachment":[{"href":"https:\/\/treuhandverein.de\/index.php?rest_route=%2Fwp%2Fv2%2Fmedia&parent=59"}],"curies":[{"name":"wp","href":"https:\/\/api.w.org\/{rel}","templated":true}]}}