{"id":74,"date":"2023-07-30T19:57:28","date_gmt":"2023-07-30T19:57:28","guid":{"rendered":"http:\/\/update.treuhandverein.de\/?page_id=74"},"modified":"2023-07-30T19:57:28","modified_gmt":"2023-07-30T19:57:28","slug":"regelueberwachung","status":"publish","type":"page","link":"https:\/\/treuhandverein.de\/?page_id=74","title":{"rendered":"Regel\u00fcberwachung"},"content":{"rendered":"<h2>Regel\u00fcberwachung<\/h2>\n<p>Nach \u00a7 51 Fahrlehrergesetz erfolgt die Regel\u00fcberwachung alle zwei Jahre. Diese Frist kann auf vier Jahre verl\u00e4ngert werden, wenn in zwei aufeinander folgenden \u00dcberwachungen keine oder nur geringf\u00fcgige M\u00e4ngel festgestellt wurden.<\/p>\n<p>Die Regel\u00fcberwachung unterteilt sich in<\/p>\n<ol>\n<li>Formal\u00fcberwachung, diese umfasst z.B. die Einsichtnahme in\u00a0Fahrschulerlaubnisse, Fahrlehrerscheine, Nachweise der Arbeitszeiten, Ausbildungsnachweise, Dokumentation der Ausbildung, abgehaltene ASF- Seminare etc.<\/li>\n<li>P\u00e4dagogische \u00dcberwachung des Theorieunterrichts (45 min)<\/li>\n<li>P\u00e4dagogische \u00dcberwachung des Fahrunterrichts (45 min)<\/li>\n<\/ol>\n<p>Zur Terminabstimmung werden Sie im Voraus von einem Sachverst\u00e4ndigen angerufen und erhalten im Anschluss auch eine Best\u00e4tigung des Termines.<\/p>\n","protected":false},"excerpt":{"rendered":"<p>Regel\u00fcberwachung Nach \u00a7 51 Fahrlehrergesetz erfolgt die Regel\u00fcberwachung alle zwei Jahre. Diese Frist kann auf vier Jahre verl\u00e4ngert werden, wenn in zwei aufeinander folgenden \u00dcberwachungen keine oder nur geringf\u00fcgige M\u00e4ngel festgestellt wurden. Die Regel\u00fcberwachung unterteilt sich in Formal\u00fcberwachung, diese umfasst z.B. die Einsichtnahme in\u00a0Fahrschulerlaubnisse, Fahrlehrerscheine, Nachweise der Arbeitszeiten, Ausbildungsnachweise, Dokumentation der Ausbildung, abgehaltene ASF- Seminare [&hellip;]<\/p>\n","protected":false},"author":1,"featured_media":0,"parent":0,"menu_order":0,"comment_status":"closed","ping_status":"closed","template":"","meta":{"footnotes":""},"_links":{"self":[{"href":"https:\/\/treuhandverein.de\/index.php?rest_route=\/wp\/v2\/pages\/74"}],"collection":[{"href":"https:\/\/treuhandverein.de\/index.php?rest_route=\/wp\/v2\/pages"}],"about":[{"href":"https:\/\/treuhandverein.de\/index.php?rest_route=\/wp\/v2\/types\/page"}],"author":[{"embeddable":true,"href":"https:\/\/treuhandverein.de\/index.php?rest_route=\/wp\/v2\/users\/1"}],"replies":[{"embeddable":true,"href":"https:\/\/treuhandverein.de\/index.php?rest_route=%2Fwp%2Fv2%2Fcomments&post=74"}],"version-history":[{"count":1,"href":"https:\/\/treuhandverein.de\/index.php?rest_route=\/wp\/v2\/pages\/74\/revisions"}],"predecessor-version":[{"id":83,"href":"https:\/\/treuhandverein.de\/index.php?rest_route=\/wp\/v2\/pages\/74\/revisions\/83"}],"wp:attachment":[{"href":"https:\/\/treuhandverein.de\/index.php?rest_route=%2Fwp%2Fv2%2Fmedia&parent=74"}],"curies":[{"name":"wp","href":"https:\/\/api.w.org\/{rel}","templated":true}]}}