{"id":75,"date":"2023-07-30T19:52:43","date_gmt":"2023-07-30T19:52:43","guid":{"rendered":"http:\/\/update.treuhandverein.de\/?page_id=75"},"modified":"2023-07-31T06:23:29","modified_gmt":"2023-07-31T06:23:29","slug":"datenschutzerklaerung","status":"publish","type":"page","link":"https:\/\/treuhandverein.de\/?page_id=75","title":{"rendered":"Datenschutzerkl\u00e4rung"},"content":{"rendered":"<h2>Datenschutzerkl\u00e4rung<\/h2>\n<p>Der Treuhandverein f\u00fcr Verkehrserziehung und Verkehrssicherheit e.V. nimmt den Schutz Ihrer pers\u00f6nlichen Daten sehr ernst. Personenbezogenen Daten werden vertraulich und entsprechend der gesetzlichen Datenschutzvorschriften behandelt.<\/p>\n<p>Bei der Kontaktaufnahme per E-Mail werden die Angaben des Nutzers zwecks Bearbeitung der Anfrage sowie f\u00fcr den Fall von Anschlussfragen gespeichert. Nach Ende der Bearbeitung werden diese wieder gel\u00f6scht.<\/p>\n<ol>\n<li>Name und Kontaktdaten des f\u00fcr die Verarbeitung Verantwortlichen sowie des Datenschutzbeauftragten<\/li>\n<\/ol>\n<p>Treuhandverein f\u00fcr Verkehrserziehung und Verkehrssicherheit e.V.<br \/>\n70825 Korntal-M\u00fcnchingen<br \/>\nMarkgr\u00f6ninger Str. 27<br \/>\nTelefon: 07150 3899711<br \/>\nFax: \u00a0 \u00a0 \u00a007150 3917776<br \/>\nE-Mail: info@treuhandverein.de<\/p>\n<p>Die betriebliche Datenschutzbeauftragte des Treuhandvereins erreichen Sie unter oben genannter Adresse oder unter\u00a0<span id=\"cloakbe746cc79746e3a0f9c2d83d0bc01cf5\"><a href=\"mailto:dsb@treuhandverein.de\">dsb@treuhandverein.de<\/a><\/span>.<\/p>\n<ol start=\"2\">\n<li>Erhebung und Speicherung personenbezogener Daten sowie Art und Zweck von deren Verwendung<\/li>\n<\/ol>\n<p>beim Besuch unserer Website\u00a0<a href=\"http:\/\/www.treuhandverein.de\/\">http:\/\/www.treuhandverein.de<\/a>\u00a0werden durch den auf Ihrem Endger\u00e4t zum Einsatz kommenden Browser automatisch Informationen an den Provider unserer Website gesendet. Diese Informationen werden tempor\u00e4r in einem sog. Logfile beim Provider gespeichert. Folgende Informationen werden dabei ohne Ihr Zutun erfasst und bis zur automatisierten L\u00f6schung gespeichert:<\/p>\n<ul>\n<li>IP-Adresse des Ger\u00e4tes, mit dem Sie auf die Website zugreifen<\/li>\n<li>die Art des Browsers, mit dem Sie zugreifen,<\/li>\n<li>die Webseite, die Sie zuvor besucht haben,<\/li>\n<li>Ihre Systemkonfiguration sowie<\/li>\n<li>Datum und Zeitangaben.<\/li>\n<\/ul>\n<p>Die IP-Adressen speichert der Provider zur Erkennung und Abwehr von Angriffen maximal 7 Tage. Die Rechtsgrundlage ist Art. 6 Abs. 1 S.1 lit. f DSGVO berechtigtes Interesse.<\/p>\n<ol start=\"3\">\n<li>Weitergabe von Daten an Dritte<\/li>\n<\/ol>\n<p>Eine \u00dcbermittlung Ihrer pers\u00f6nlichen Daten an Dritte zu anderen als den im Folgenden aufgef\u00fchrten Zwecken findet nicht statt. Wir geben Ihre pers\u00f6nlichen Daten nur an Dritte weiter, wenn:<\/p>\n<ul>\n<li>Sie Ihre nach Art. 6 Abs. 1 S. 1 lit. a DSGVO ausdr\u00fcckliche Einwilligung dazu erteilt haben,<\/li>\n<li>die Weitergabe nach Art. 6 Abs. 1 S. 1 lit. f DSGVO zur Geltendmachung, Aus\u00fcbung oder Verteidigung von Rechtsanspr\u00fcchen erforderlich ist und kein Grund zur Annahme besteht, dass Sie ein \u00fcberwiegendes schutzw\u00fcrdiges Interesse an der Nichtweitergabe Ihrer Daten haben,<\/li>\n<li>f\u00fcr den Fall, dass f\u00fcr die Weitergabe nach Art. 6 Abs. 1 S. 1 lit. c DSGVO eine gesetzliche Verpflichtung besteht, sowie<\/li>\n<li>dies gesetzlich zul\u00e4ssig und nach Art. 6 Abs. 1 S. 1 lit. b DSGVO f\u00fcr die Abwicklung von Vertragsverh\u00e4ltnissen mit Ihnen erforderlich ist.<\/li>\n<\/ul>\n<ol start=\"4\">\n<li>Betroffenenrechte<\/li>\n<\/ol>\n<p>Sie haben das Recht:<\/p>\n<ul>\n<li>gem\u00e4\u00df Art. 7 Abs. 3 DSGVO Ihre einmal erteilte Einwilligung jederzeit gegen\u00fcber uns zu widerrufen. Dies hat zur Folge, dass wir die Datenverarbeitung, die auf dieser Einwilligung beruhte, f\u00fcr die Zukunft nicht mehr fortf\u00fchren d\u00fcrfen;<\/li>\n<li>gem\u00e4\u00df Art. 15 DSGVO Auskunft \u00fcber Ihre von uns verarbeiteten personenbezogenen Daten zu verlangen. Insbesondere k\u00f6nnen Sie Auskunft \u00fcber die Verarbeitungszwecke, die Kategorie der personenbezogenen Daten, die Kategorien von Empf\u00e4ngern, gegen\u00fcber denen Ihre Daten offengelegt wurden oder werden, die geplante Speicherdauer, das Bestehen eines Rechts auf Berichtigung, L\u00f6schung, Einschr\u00e4nkung der Verarbeitung oder Widerspruch, das Bestehen eines Beschwerderechts, die Herkunft ihrer Daten, sofern diese nicht bei uns erhoben wurden, sowie \u00fcber das Bestehen einer automatisierten Entscheidungsfindung einschlie\u00dflich Profiling und ggf. aussagekr\u00e4ftigen Informationen zu deren Einzelheiten verlangen.<\/li>\n<li>gem\u00e4\u00df Art. 16 DSGVO unverz\u00fcglich die Berichtigung unrichtiger oder Vervollst\u00e4ndigung Ihrer bei uns gespeicherten personenbezogenen Daten zu verlangen.<\/li>\n<li>gem\u00e4\u00df Art. 17 DSGVO die L\u00f6schung Ihrer bei uns gespeicherten personenbezogenen Daten zu verlangen, soweit nicht die Verarbeitung zur Aus\u00fcbung des Rechts auf freie Meinungs\u00e4u\u00dferung und Information, zur Erf\u00fcllung einer rechtlichen Verpflichtung, aus Gr\u00fcnden des \u00f6ffentlichen Interesses oder zur Geltendmachung, Aus\u00fcbung oder Verteidigung von Rechtsanspr\u00fcchen erforderlich sind.<\/li>\n<li>gem\u00e4\u00df Art. 18 DSGVO die Einschr\u00e4nkung der Verarbeitung Ihrer personenbezogenen Daten zu verlangen, soweit die Richtigkeit der Daten von Ihnen bestritten wird, die Verarbeitung unrechtm\u00e4\u00dfig ist, Sie aber deren L\u00f6schung ablehnen und wir die Daten nicht mehr ben\u00f6tigen, Sie jedoch diese zur Geltendmachung, Aus\u00fcbung oder Verteidigung von Rechtsanspr\u00fcchen ben\u00f6tigen oder Sie gem\u00e4\u00df Art. 21 DSGVO Widerspruch gegen die Verarbeitung eingelegt haben.<\/li>\n<li>gem\u00e4\u00df Art. 20 DSGVO Ihre personenbezogenen Daten, die Sie uns bereitgestellt haben, in einem strukturierten, g\u00e4ngigen und maschinenlesebaren Format zu erhalten oder die \u00dcbermittlung an einen anderen Verantwortlichen zu verlangen.<\/li>\n<li>gem\u00e4\u00df Art. 77 DSGVO sich bei einer Aufsichtsbeh\u00f6rde zu beschweren. In der Regel k\u00f6nnen Sie sich hierf\u00fcr an die Aufsichtsbeh\u00f6rde Ihres \u00fcblichen Aufenthaltsortes oder Arbeitsplatzes wenden.<\/li>\n<\/ul>\n<ol start=\"5\">\n<li>Widerspruchsrecht<\/li>\n<\/ol>\n<p>Sofern Ihre personenbezogenen Daten auf Grundlage von berechtigten Interessen gem\u00e4\u00df Art. 6 Abs. 1 S. 1 lit. f DSGVO verarbeitet werden, haben Sie das Recht, gem\u00e4\u00df Art. 21 DSGVO Widerspruch gegen die Verarbeitung Ihrer personenbezogenen Daten einzulegen, soweit daf\u00fcr Gr\u00fcnde vorliegen, die sich aus Ihrer besonderen Situation ergeben oder sich der Widerspruch gegen Direktwerbung richtet. Im letzteren Fall haben Sie ein generelles Widerspruchsrecht, das ohne Angabe einer besonderen Situation von uns umgesetzt wird. M\u00f6chten Sie von Ihrem Widerrufs- oder Widerspruchsrecht<\/p>\n<ol start=\"6\">\n<li>Datensicherheit<\/li>\n<\/ol>\n<p>Die Seiten unseres Webauftritts werden verschl\u00fcsselt \u00fcbertragen.<\/p>\n<p>Diese erkennen Sie an der geschlossenen Darstellung des Sch\u00fcssel- beziehungsweise Schloss-Symbols in der unteren Statusleiste Ihres Browsers. Wir bedienen uns geeigneter technischer und organisatorischer Sicherheitsma\u00dfnahmen, um Ihre Daten gegen zuf\u00e4llige oder vors\u00e4tzliche Manipulationen, teilweisen oder vollst\u00e4ndigen Verlust, Zerst\u00f6rung oder gegen den unbefugten Zugriff Dritter zu sch\u00fctzen. Unsere Sicherheitsma\u00dfnahmen werden entsprechend der technologischen Entwicklung fortlaufend verbessert.<\/p>\n<p><strong>Informationspflichten bei Erhebung der personenbezogenen Daten beim Treuhandverein (Art. 13 DS-GVO)<\/strong><\/p>\n<ol>\n<li>Name und Kontaktdaten des f\u00fcr die Datenverarbeitung Verantwortlichen sowie des Datenschutzbeauftragten<\/li>\n<\/ol>\n<p>Treuhandverein f\u00fcr Verkehrserziehung und Verkehrssicherheit e.V.<br \/>\n70825 Korntal-M\u00fcnchingen<br \/>\nMarkgr\u00f6ninger Str. 27<br \/>\nTelefon: 0711-832607<br \/>\nFax: 0711-833207<br \/>\nE-Mail: info@treuhandverein.de<\/p>\n<p>Die betriebliche Datenschutzbeauftragte des Treuhandvereins erreichen Sie unter oben genannter Adresse oder unter\u00a0<span id=\"cloakae48e2a4979a7c8b74d77dac17adf5fc\"><a href=\"mailto:dsb@treuhandverein.de\">dsb@treuhandverein.de<\/a><\/span>.<\/p>\n<ol start=\"2\">\n<li>Erhebung und Speicherung personenbezogener Daten sowie Art und Zweck und deren Verwendung<\/li>\n<li><strong>b) Pr\u00fcfung von Fahrschulen<\/strong><\/li>\n<\/ol>\n<p>Die folgenden personenbezogenen Daten werden erhoben: Name, Adresse, Geburtsdatum vom Inhaber \/ verantwortlichen Leiter der Fahrschule und Inhalte der Pr\u00fcfung sowie der Name und das Geburtsdatum der angestellten Fahrlehrer.<\/p>\n<p>Zweck und Rechtsgrundlage: Formale und p\u00e4dagogische Fahrschul\u00fcberwachung nach \u00a7 51 FahrlG in Baden-W\u00fcrttemberg im Auftrag der jeweils zust\u00e4ndigen Landesbeh\u00f6rde. Die Fahrschulen werden regelm\u00e4\u00dfig durch den Treuhandverein \u00fcberpr\u00fcft. Dabei werden auch die personenbezogenen Daten gepr\u00fcft und gegebenenfalls korrigiert. Nach Schlie\u00dfung der Fahrschule bleiben lediglich der Name des Inhabers \/ Verantwortlichen Leiters der Fahrschule beim Treuhandverein f\u00fcr die Wahrung der gesetzlichen Aufbewahrungsfristen gespeichert. Rechtsgrundlage daf\u00fcr ist Art. 6 Abs. 1 lit. c Erf\u00fcllung einer rechtlichen Verpflichtung.<\/p>\n<ol>\n<li><strong>c) Pr\u00fcfung von Aus- und Weiterbildungsst\u00e4tten nach BKrFQG<\/strong><\/li>\n<\/ol>\n<p>Die folgenden personenbezogenen Daten werden erhoben: Name des Inhabers \/ Verantwortlicher Leiter und Anschrift des BKF Betriebs, Inhalte der Pr\u00fcfung<\/p>\n<p>Zweck und Rechtsgrundlage: \u00dcberwachung der Aus- und Weiterbildungsst\u00e4tten nach dem BKrFQG.<\/p>\n<p>Die Daten bleiben so lange beim Treuhandverein gespeichert wie die Aus- und Weiterbildungsst\u00e4tte existiert, zuz\u00fcglich der gesetzlich vorgeschriebenen Aufbewahrungsfristen. Rechtsgrundlage daf\u00fcr ist Art. 6 Abs. 1 lit. c Erf\u00fcllung einer rechtlichen Verpflichtung.<\/p>\n<ol start=\"3\">\n<li>Weitergabe von Daten an Dritte<\/li>\n<\/ol>\n<p>Die Daten werden an die zust\u00e4ndige Erlaubnisbeh\u00f6rde weitergegeben. Rechtsgrundlage ist Art. 6 Abs. 1 lit. c DSGVO.<\/p>\n<p>Weitere \u00dcbermittlungen finden nur statt, wenn eine der folgenden aufgef\u00fchrten F\u00e4lle eintritt:<\/p>\n<ul>\n<li>Sie Ihre nach Art. 6 Abs. 1 S. 1 lit. a DSGVO ausdr\u00fcckliche Einwilligung dazu erteilt haben,<\/li>\n<li>die Weitergabe nach Art. 6 Abs. 1 S. 1 lit. f DSGVO zur Geltendmachung, Aus\u00fcbung oder Verteidigung von Rechtsanspr\u00fcchen erforderlich ist und kein Grund zur Annahme besteht, dass Sie ein \u00fcberwiegendes schutzw\u00fcrdiges Interesse an der Nichtweitergabe Ihrer Daten haben,<\/li>\n<li>f\u00fcr den Fall, dass f\u00fcr die Weitergabe nach Art. 6 Abs. 1 S. 1 lit. c DSGVO eine gesetzliche Verpflichtung besteht, sowie<\/li>\n<li>dies gesetzlich zul\u00e4ssig und nach Art. 6 Abs. 1 S. 1 lit. b DSGVO f\u00fcr die Abwicklung von Vertragsverh\u00e4ltnissen mit Ihnen erforderlich ist.<\/li>\n<\/ul>\n<ol start=\"4\">\n<li>Betroffenenrechte<\/li>\n<\/ol>\n<p>Sie haben das Recht:<\/p>\n<ul>\n<li>gem\u00e4\u00df Art. 7 Abs. 3 DSGVO Ihre einmal erteilte Einwilligung jederzeit gegen\u00fcber uns zu widerrufen. Dies hat zur Folge, dass wir die Datenverarbeitung, die auf dieser Einwilligung beruhte, f\u00fcr die Zukunft nicht mehr fortf\u00fchren d\u00fcrfen;<\/li>\n<li>gem\u00e4\u00df Art. 15 DSGVO Auskunft \u00fcber Ihre von uns verarbeiteten personenbezogenen Daten zu verlangen. Insbesondere k\u00f6nnen Sie Auskunft \u00fcber die Verarbeitungszwecke, die Kategorie der personenbezogenen Daten, die Kategorien von Empf\u00e4ngern, gegen\u00fcber denen Ihre Daten offengelegt wurden oder werden, die geplante Speicherdauer, das Bestehen eines Rechts auf Berichtigung, L\u00f6schung, Einschr\u00e4nkung der Verarbeitung oder Widerspruch, das Bestehen eines Beschwerderechts, die Herkunft ihrer Daten, sofern diese nicht bei uns erhoben wurden, sowie \u00fcber das Bestehen einer automatisierten Entscheidungsfindung einschlie\u00dflich Profiling und ggf. aussagekr\u00e4ftigen Informationen zu deren Einzelheiten verlangen.<\/li>\n<li>gem\u00e4\u00df Art. 16 DSGVO unverz\u00fcglich die Berichtigung unrichtiger oder Vervollst\u00e4ndigung Ihrer bei uns gespeicherten personenbezogenen Daten zu verlangen.<\/li>\n<li>gem\u00e4\u00df Art. 17 DSGVO die L\u00f6schung Ihrer bei uns gespeicherten personenbezogenen Daten zu verlangen, soweit nicht die Verarbeitung zur Aus\u00fcbung des Rechts auf freie Meinungs\u00e4u\u00dferung und Information, zur Erf\u00fcllung einer rechtlichen Verpflichtung, aus Gr\u00fcnden des \u00f6ffentlichen Interesses oder zur Geltendmachung, Aus\u00fcbung oder Verteidigung von Rechtsanspr\u00fcchen erforderlich sind.<\/li>\n<li>gem\u00e4\u00df Art. 18 DSGVO die Einschr\u00e4nkung der Verarbeitung Ihrer personenbezogenen Daten zu verlangen, soweit die Richtigkeit der Daten von Ihnen bestritten wird, die Verarbeitung unrechtm\u00e4\u00dfig ist, Sie aber deren L\u00f6schung ablehnen und wir die Daten nicht mehr ben\u00f6tigen, Sie jedoch diese zur Geltendmachung, Aus\u00fcbung oder Verteidigung von Rechtsanspr\u00fcchen ben\u00f6tigen oder Sie gem\u00e4\u00df Art. 21 DSGVO Widerspruch gegen die Verarbeitung eingelegt haben.<\/li>\n<li>gem\u00e4\u00df Art. 20 DSGVO Ihre personenbezogenen Daten, die Sie uns bereitgestellt haben, in einem strukturierten, g\u00e4ngigen und maschinenlesebaren Format zu erhalten oder die \u00dcbermittlung an einen anderen Verantwortlichen zu verlangen.<\/li>\n<li>gem\u00e4\u00df Art. 77 DSGVO sich bei einer Aufsichtsbeh\u00f6rde zu beschweren. In der Regel k\u00f6nnen Sie sich hierf\u00fcr an die Aufsichtsbeh\u00f6rde Ihres \u00fcblichen Aufenthaltsortes oder Arbeitsplatzes wenden.<\/li>\n<\/ul>\n<p>Zur Verwaltung der eingesetzten Cookies und \u00e4hnlichen Technologien (Tracking-Pixel, Web-Beacons etc.) und diesbez\u00fcglicher Einwilligungen setzen wir das Consent Tool &#8222;Real Cookie Banner&#8220; ein. Details zur Funktionsweise von &#8222;Real Cookie Banner&#8220; findest du unter &lt;a href=&#8220;https:\/\/devowl.io\/de\/rcb\/datenverarbeitung\/&#8220; rel=&#8220;noreferrer&#8220; target=&#8220;_blank&#8220;&gt;https:\/\/devowl.io\/de\/rcb\/datenverarbeitung\/&lt;\/a&gt;.<\/p>\n<p>Rechtsgrundlagen f\u00fcr die Verarbeitung von personenbezogenen Daten in diesem Zusammenhang sind Art. 6 Abs. 1 lit. c DS-GVO und Art. 6 Abs. 1 lit. f DS-GVO. Unser berechtigtes Interesse ist die Verwaltung der eingesetzten Cookies und \u00e4hnlichen Technologien und der diesbez\u00fcglichen Einwilligungen.<\/p>\n<p>Die Bereitstellung der personenbezogenen Daten ist weder vertraglich vorgeschrieben noch f\u00fcr den Abschluss eines Vertrages notwendig. Du bist nicht verpflichtet die personenbezogenen Daten bereitzustellen. Wenn du die personenbezogenen Daten nicht bereitstellst, k\u00f6nnen wir deine Einwilligungen nicht verwalten.<\/p>\n","protected":false},"excerpt":{"rendered":"<p>Datenschutzerkl\u00e4rung Der Treuhandverein f\u00fcr Verkehrserziehung und Verkehrssicherheit e.V. nimmt den Schutz Ihrer pers\u00f6nlichen Daten sehr ernst. Personenbezogenen Daten werden vertraulich und entsprechend der gesetzlichen Datenschutzvorschriften behandelt. Bei der Kontaktaufnahme per E-Mail werden die Angaben des Nutzers zwecks Bearbeitung der Anfrage sowie f\u00fcr den Fall von Anschlussfragen gespeichert. Nach Ende der Bearbeitung werden diese wieder gel\u00f6scht. [&hellip;]<\/p>\n","protected":false},"author":1,"featured_media":0,"parent":0,"menu_order":0,"comment_status":"closed","ping_status":"closed","template":"","meta":{"footnotes":""},"_links":{"self":[{"href":"https:\/\/treuhandverein.de\/index.php?rest_route=\/wp\/v2\/pages\/75"}],"collection":[{"href":"https:\/\/treuhandverein.de\/index.php?rest_route=\/wp\/v2\/pages"}],"about":[{"href":"https:\/\/treuhandverein.de\/index.php?rest_route=\/wp\/v2\/types\/page"}],"author":[{"embeddable":true,"href":"https:\/\/treuhandverein.de\/index.php?rest_route=\/wp\/v2\/users\/1"}],"replies":[{"embeddable":true,"href":"https:\/\/treuhandverein.de\/index.php?rest_route=%2Fwp%2Fv2%2Fcomments&post=75"}],"version-history":[{"count":3,"href":"https:\/\/treuhandverein.de\/index.php?rest_route=\/wp\/v2\/pages\/75\/revisions"}],"predecessor-version":[{"id":113,"href":"https:\/\/treuhandverein.de\/index.php?rest_route=\/wp\/v2\/pages\/75\/revisions\/113"}],"wp:attachment":[{"href":"https:\/\/treuhandverein.de\/index.php?rest_route=%2Fwp%2Fv2%2Fmedia&parent=75"}],"curies":[{"name":"wp","href":"https:\/\/api.w.org\/{rel}","templated":true}]}}