{"id":84,"date":"2023-07-30T19:58:10","date_gmt":"2023-07-30T19:58:10","guid":{"rendered":"http:\/\/update.treuhandverein.de\/?page_id=84"},"modified":"2023-07-30T19:58:10","modified_gmt":"2023-07-30T19:58:10","slug":"ausserplanmaessige-pruefungen","status":"publish","type":"page","link":"https:\/\/treuhandverein.de\/?page_id=84","title":{"rendered":"Au\u00dferplanm\u00e4\u00dfige Pr\u00fcfungen"},"content":{"rendered":"<h2><span style=\"font-family: Arial;\">Au\u00dferplanm\u00e4\u00dfige Pr\u00fcfungen<\/span><\/h2>\n<p><span style=\"font-family: Arial;\">Bei Neuer\u00f6ffnung, Schlie\u00dfung, Verlegung, Erweiterung um einen neue Fahrerlaubnisklasse etc. wird eine \u00dcberwachung au\u00dferhalb des turnusm\u00e4\u00dfigen Abstands erforderlich. Die beabsichtigten Ver\u00e4nderungen m\u00fcssen zun\u00e4chst an die zust\u00e4ndige Erlaubnisbeh\u00f6rde gemeldet werden. Diese beauftragt dann den Treuhandverein mit der Besichtigung vor Ort. Eine direkte Beauftragung des Treuhandvereins durch Fahrschulen ist nicht m\u00f6glich.<\/span><\/p>\n","protected":false},"excerpt":{"rendered":"<p>Au\u00dferplanm\u00e4\u00dfige Pr\u00fcfungen Bei Neuer\u00f6ffnung, Schlie\u00dfung, Verlegung, Erweiterung um einen neue Fahrerlaubnisklasse etc. wird eine \u00dcberwachung au\u00dferhalb des turnusm\u00e4\u00dfigen Abstands erforderlich. Die beabsichtigten Ver\u00e4nderungen m\u00fcssen zun\u00e4chst an die zust\u00e4ndige Erlaubnisbeh\u00f6rde gemeldet werden. Diese beauftragt dann den Treuhandverein mit der Besichtigung vor Ort. Eine direkte Beauftragung des Treuhandvereins durch Fahrschulen ist nicht m\u00f6glich.<\/p>\n","protected":false},"author":1,"featured_media":0,"parent":0,"menu_order":0,"comment_status":"closed","ping_status":"closed","template":"","meta":{"footnotes":""},"_links":{"self":[{"href":"https:\/\/treuhandverein.de\/index.php?rest_route=\/wp\/v2\/pages\/84"}],"collection":[{"href":"https:\/\/treuhandverein.de\/index.php?rest_route=\/wp\/v2\/pages"}],"about":[{"href":"https:\/\/treuhandverein.de\/index.php?rest_route=\/wp\/v2\/types\/page"}],"author":[{"embeddable":true,"href":"https:\/\/treuhandverein.de\/index.php?rest_route=\/wp\/v2\/users\/1"}],"replies":[{"embeddable":true,"href":"https:\/\/treuhandverein.de\/index.php?rest_route=%2Fwp%2Fv2%2Fcomments&post=84"}],"version-history":[{"count":1,"href":"https:\/\/treuhandverein.de\/index.php?rest_route=\/wp\/v2\/pages\/84\/revisions"}],"predecessor-version":[{"id":85,"href":"https:\/\/treuhandverein.de\/index.php?rest_route=\/wp\/v2\/pages\/84\/revisions\/85"}],"wp:attachment":[{"href":"https:\/\/treuhandverein.de\/index.php?rest_route=%2Fwp%2Fv2%2Fmedia&parent=84"}],"curies":[{"name":"wp","href":"https:\/\/api.w.org\/{rel}","templated":true}]}}