{"id":88,"date":"2023-07-31T06:00:29","date_gmt":"2023-07-31T06:00:29","guid":{"rendered":"http:\/\/update.treuhandverein.de\/?page_id=88"},"modified":"2023-08-04T06:57:36","modified_gmt":"2023-08-04T06:57:36","slug":"seminarueberwachung","status":"publish","type":"page","link":"https:\/\/treuhandverein.de\/?page_id=88","title":{"rendered":"Seminar\u00fcberwachung"},"content":{"rendered":"<h2>Seminar\u00fcberwachung<\/h2>\n<p style=\"font-weight: 400;\">Seit Mitte 2001 gibt es in Baden-W\u00fcrttemberg die \u00dcberwachung der Aufbauseminare ASF \/ FES.<\/p>\n<p style=\"font-weight: 400;\">Diese Aufgabe wird von\u00a0Sachverst\u00e4ndigen\u00a0wahrgenommen. Die Seminar\u00fcberwachung umfasst den Besuch eines vollst\u00e4ndigen Kursabends. Hierbei protokolliert der Sachverst\u00e4ndige den Seminarverlauf in einem Erfassungsbogen.<\/p>\n","protected":false},"excerpt":{"rendered":"<p>Seminar\u00fcberwachung Seit Mitte 2001 gibt es in Baden-W\u00fcrttemberg die \u00dcberwachung der Aufbauseminare ASF \/ FES. Diese Aufgabe wird von\u00a0Sachverst\u00e4ndigen\u00a0wahrgenommen. Die Seminar\u00fcberwachung umfasst den Besuch eines vollst\u00e4ndigen Kursabends. Hierbei protokolliert der Sachverst\u00e4ndige den Seminarverlauf in einem Erfassungsbogen.<\/p>\n","protected":false},"author":1,"featured_media":0,"parent":0,"menu_order":0,"comment_status":"closed","ping_status":"closed","template":"","meta":{"footnotes":""},"_links":{"self":[{"href":"https:\/\/treuhandverein.de\/index.php?rest_route=\/wp\/v2\/pages\/88"}],"collection":[{"href":"https:\/\/treuhandverein.de\/index.php?rest_route=\/wp\/v2\/pages"}],"about":[{"href":"https:\/\/treuhandverein.de\/index.php?rest_route=\/wp\/v2\/types\/page"}],"author":[{"embeddable":true,"href":"https:\/\/treuhandverein.de\/index.php?rest_route=\/wp\/v2\/users\/1"}],"replies":[{"embeddable":true,"href":"https:\/\/treuhandverein.de\/index.php?rest_route=%2Fwp%2Fv2%2Fcomments&post=88"}],"version-history":[{"count":4,"href":"https:\/\/treuhandverein.de\/index.php?rest_route=\/wp\/v2\/pages\/88\/revisions"}],"predecessor-version":[{"id":118,"href":"https:\/\/treuhandverein.de\/index.php?rest_route=\/wp\/v2\/pages\/88\/revisions\/118"}],"wp:attachment":[{"href":"https:\/\/treuhandverein.de\/index.php?rest_route=%2Fwp%2Fv2%2Fmedia&parent=88"}],"curies":[{"name":"wp","href":"https:\/\/api.w.org\/{rel}","templated":true}]}}