{"id":92,"date":"2023-07-31T06:02:06","date_gmt":"2023-07-31T06:02:06","guid":{"rendered":"http:\/\/update.treuhandverein.de\/?page_id=92"},"modified":"2023-08-04T06:58:31","modified_gmt":"2023-08-04T06:58:31","slug":"sachverstaendige","status":"publish","type":"page","link":"https:\/\/treuhandverein.de\/?page_id=92","title":{"rendered":"Sachverst\u00e4ndige"},"content":{"rendered":"<h2><span style=\"font-family: Arial;\">Sachverst\u00e4ndige<\/span><\/h2>\n<p><span style=\"font-family: Arial;\">Bei den Sachverst\u00e4ndigen zur \u00dcberwachung der Aufbauseminare ASF und FES handelt es sich um Seminarleiter mit langj\u00e4hriger Erfahrung. Diese wurden in einem zehnt\u00e4gigen Einweisungslehrgang unter Leitung des Deutschen Verkehrssicherheitsrats (DVR) f\u00fcr diese Aufgabe geschult. Da es sich bei den Sachverst\u00e4ndigen um aktiv am Markt t\u00e4tige Fahrlehrer und Seminaranbieter handelt, kann es unter Umst\u00e4nden zu einem Interessenkonflikt kommen. In solchen F\u00e4llen ist der \u00fcberwachte Seminarleiter berechtigt, einen Sachverst\u00e4ndigen, mit dem er sich in einem Wettbewerbskonflikt sieht, im Vorfeld der \u00dcberwachung abzulehnen.<\/span><\/p>\n<p>Auch f\u00fcr die Fahrschul\u00fcberwachung ist ein 9 T\u00e4giger Einweisungslehrgang erforderlich, den all unsere Sachverst\u00e4ndige f\u00fcr die Fahrschul\u00fcberwachung auch erhalten haben.<\/p>\n","protected":false},"excerpt":{"rendered":"<p>Sachverst\u00e4ndige Bei den Sachverst\u00e4ndigen zur \u00dcberwachung der Aufbauseminare ASF und FES handelt es sich um Seminarleiter mit langj\u00e4hriger Erfahrung. Diese wurden in einem zehnt\u00e4gigen Einweisungslehrgang unter Leitung des Deutschen Verkehrssicherheitsrats (DVR) f\u00fcr diese Aufgabe geschult. Da es sich bei den Sachverst\u00e4ndigen um aktiv am Markt t\u00e4tige Fahrlehrer und Seminaranbieter handelt, kann es unter Umst\u00e4nden zu [&hellip;]<\/p>\n","protected":false},"author":1,"featured_media":0,"parent":0,"menu_order":0,"comment_status":"closed","ping_status":"closed","template":"","meta":{"footnotes":""},"_links":{"self":[{"href":"https:\/\/treuhandverein.de\/index.php?rest_route=\/wp\/v2\/pages\/92"}],"collection":[{"href":"https:\/\/treuhandverein.de\/index.php?rest_route=\/wp\/v2\/pages"}],"about":[{"href":"https:\/\/treuhandverein.de\/index.php?rest_route=\/wp\/v2\/types\/page"}],"author":[{"embeddable":true,"href":"https:\/\/treuhandverein.de\/index.php?rest_route=\/wp\/v2\/users\/1"}],"replies":[{"embeddable":true,"href":"https:\/\/treuhandverein.de\/index.php?rest_route=%2Fwp%2Fv2%2Fcomments&post=92"}],"version-history":[{"count":2,"href":"https:\/\/treuhandverein.de\/index.php?rest_route=\/wp\/v2\/pages\/92\/revisions"}],"predecessor-version":[{"id":119,"href":"https:\/\/treuhandverein.de\/index.php?rest_route=\/wp\/v2\/pages\/92\/revisions\/119"}],"wp:attachment":[{"href":"https:\/\/treuhandverein.de\/index.php?rest_route=%2Fwp%2Fv2%2Fmedia&parent=92"}],"curies":[{"name":"wp","href":"https:\/\/api.w.org\/{rel}","templated":true}]}}