{"id":94,"date":"2023-07-31T06:02:38","date_gmt":"2023-07-31T06:02:38","guid":{"rendered":"http:\/\/update.treuhandverein.de\/?page_id=94"},"modified":"2023-07-31T06:02:38","modified_gmt":"2023-07-31T06:02:38","slug":"beauftragung","status":"publish","type":"page","link":"https:\/\/treuhandverein.de\/?page_id=94","title":{"rendered":"Beauftragung"},"content":{"rendered":"<h2><span style=\"font-family: Arial;\">Beauftragung<\/span><\/h2>\n<p><span style=\"font-family: Arial;\">Da der Treuhandverein ausschlie\u00dflich im Auftrag der \u00f6rtlich zust\u00e4ndigen Erlaubnisbeh\u00f6rden arbeitet, ist eine direkte Beauftragung durch Fahrschulen oder Privatpersonen nicht m\u00f6glich. Antr\u00e4ge m\u00fcssen daher grunds\u00e4tzlich an die zust\u00e4ndige Beh\u00f6rde gestellt werden. Die Bearbeitung durch den Verein geschieht schnellstm\u00f6glich.\u00a0\u00a0\u00a0<\/span><\/p>\n","protected":false},"excerpt":{"rendered":"<p>Beauftragung Da der Treuhandverein ausschlie\u00dflich im Auftrag der \u00f6rtlich zust\u00e4ndigen Erlaubnisbeh\u00f6rden arbeitet, ist eine direkte Beauftragung durch Fahrschulen oder Privatpersonen nicht m\u00f6glich. Antr\u00e4ge m\u00fcssen daher grunds\u00e4tzlich an die zust\u00e4ndige Beh\u00f6rde gestellt werden. Die Bearbeitung durch den Verein geschieht schnellstm\u00f6glich.\u00a0\u00a0\u00a0<\/p>\n","protected":false},"author":1,"featured_media":0,"parent":0,"menu_order":0,"comment_status":"closed","ping_status":"closed","template":"","meta":{"footnotes":""},"_links":{"self":[{"href":"https:\/\/treuhandverein.de\/index.php?rest_route=\/wp\/v2\/pages\/94"}],"collection":[{"href":"https:\/\/treuhandverein.de\/index.php?rest_route=\/wp\/v2\/pages"}],"about":[{"href":"https:\/\/treuhandverein.de\/index.php?rest_route=\/wp\/v2\/types\/page"}],"author":[{"embeddable":true,"href":"https:\/\/treuhandverein.de\/index.php?rest_route=\/wp\/v2\/users\/1"}],"replies":[{"embeddable":true,"href":"https:\/\/treuhandverein.de\/index.php?rest_route=%2Fwp%2Fv2%2Fcomments&post=94"}],"version-history":[{"count":1,"href":"https:\/\/treuhandverein.de\/index.php?rest_route=\/wp\/v2\/pages\/94\/revisions"}],"predecessor-version":[{"id":95,"href":"https:\/\/treuhandverein.de\/index.php?rest_route=\/wp\/v2\/pages\/94\/revisions\/95"}],"wp:attachment":[{"href":"https:\/\/treuhandverein.de\/index.php?rest_route=%2Fwp%2Fv2%2Fmedia&parent=94"}],"curies":[{"name":"wp","href":"https:\/\/api.w.org\/{rel}","templated":true}]}}