{"id":96,"date":"2023-07-31T06:03:14","date_gmt":"2023-07-31T06:03:14","guid":{"rendered":"http:\/\/update.treuhandverein.de\/?page_id=96"},"modified":"2023-07-31T06:03:14","modified_gmt":"2023-07-31T06:03:14","slug":"kosten","status":"publish","type":"page","link":"https:\/\/treuhandverein.de\/?page_id=96","title":{"rendered":"Kosten"},"content":{"rendered":"<h2>Kosten<\/h2>\n<p style=\"font-weight: 400;\">Die Leistungen des Vereins werden nach dem Justizverg\u00fctungs- und -entsch\u00e4digungsgesetz (JVEG) abgerechnet und der beauftragenden Beh\u00f6rde in Rechnung gestellt. Dieses Gesetz sieht eine Abrechnung nach Stundens\u00e4tzen vor; die von manchen Seiten immer wieder gew\u00fcnschte Pauschalierung der Kosten f\u00fcr die Fahrschul\u00fcberwachung ist daher nicht m\u00f6glich.<\/p>\n<ol style=\"font-weight: 400;\">\n<li>Der Stundensatz f\u00fcr Fahrschul\u00fcberwachung und Seminar\u00fcberwachung (ASF \/ FES) betr\u00e4gt 104 Euro.\u00a0Der Stundensatz f\u00fcr die \u00dcberwachung der Kurse zur Aus- und Weiterbildung nach dem Berufskraftfahrer-Qualifikationsgesetz\u00a0betr\u00e4gt\u00a077 Euro.<\/li>\n<li>F\u00fcr Schreibauslagen werden 0,50 \u20ac pro Seite berechnet.<\/li>\n<li>Das Kilometergeld betr\u00e4gt 0,42 \u20ac pro Kilometer<\/li>\n<li>F\u00fcr sonstige Auslage (Telefon\/Porto\/Parken) werden die tats\u00e4chlich entstandenen Kosten angesetzt.<\/li>\n<\/ol>\n<p style=\"font-weight: 400;\">Auf die Gesamtsumme wird die gesetzliche Mehrwertsteuer f\u00e4llig.<\/p>\n<p style=\"font-weight: 400;\">Die Stundens\u00e4tze des Vereins sind so kalkuliert, dass sie die Ausgaben decken.<\/p>\n<p style=\"font-weight: 400;\">Es wird keine Gewinnerzielungsabsicht verfolgt.<\/p>\n<p style=\"font-weight: 400;\">\n<p style=\"font-weight: 400;\"><b>Mehrwertsteuer<\/b><\/p>\n<p style=\"font-weight: 400;\">Auf Leistungen, die ein Verein an Nichtmitglieder erbringt, ist die gesetzliche Mehrwertsteuer anzuwenden. Der Treuhandverein erbringt seine Leistungen im Auftrag der Fahrerlaubnisbeh\u00f6rden, die nicht Mitglieder des Vereins sind. Die Beh\u00f6rden stellen der Fahrschule die Kosten f\u00fcr die \u00dcberwachung in Rechnung. Diese bestehen aus den Kosten des Treuhandvereins und aus den Geb\u00fchren f\u00fcr Ma\u00dfnahmen im Stra\u00dfenverkehr. Diese beh\u00f6rdliche Gesamtrechnung beinhaltet keine Umsatzsteuer. Insofern kann die in der Rechnung des Treuhandvereins enthaltene Umsatzsteuer von der Fahrschule nicht als Vorsteuer in Abzug gebracht werden.<\/p>\n","protected":false},"excerpt":{"rendered":"<p>Kosten Die Leistungen des Vereins werden nach dem Justizverg\u00fctungs- und -entsch\u00e4digungsgesetz (JVEG) abgerechnet und der beauftragenden Beh\u00f6rde in Rechnung gestellt. Dieses Gesetz sieht eine Abrechnung nach Stundens\u00e4tzen vor; die von manchen Seiten immer wieder gew\u00fcnschte Pauschalierung der Kosten f\u00fcr die Fahrschul\u00fcberwachung ist daher nicht m\u00f6glich. Der Stundensatz f\u00fcr Fahrschul\u00fcberwachung und Seminar\u00fcberwachung (ASF \/ FES) betr\u00e4gt [&hellip;]<\/p>\n","protected":false},"author":1,"featured_media":0,"parent":0,"menu_order":0,"comment_status":"closed","ping_status":"closed","template":"","meta":{"footnotes":""},"_links":{"self":[{"href":"https:\/\/treuhandverein.de\/index.php?rest_route=\/wp\/v2\/pages\/96"}],"collection":[{"href":"https:\/\/treuhandverein.de\/index.php?rest_route=\/wp\/v2\/pages"}],"about":[{"href":"https:\/\/treuhandverein.de\/index.php?rest_route=\/wp\/v2\/types\/page"}],"author":[{"embeddable":true,"href":"https:\/\/treuhandverein.de\/index.php?rest_route=\/wp\/v2\/users\/1"}],"replies":[{"embeddable":true,"href":"https:\/\/treuhandverein.de\/index.php?rest_route=%2Fwp%2Fv2%2Fcomments&post=96"}],"version-history":[{"count":1,"href":"https:\/\/treuhandverein.de\/index.php?rest_route=\/wp\/v2\/pages\/96\/revisions"}],"predecessor-version":[{"id":97,"href":"https:\/\/treuhandverein.de\/index.php?rest_route=\/wp\/v2\/pages\/96\/revisions\/97"}],"wp:attachment":[{"href":"https:\/\/treuhandverein.de\/index.php?rest_route=%2Fwp%2Fv2%2Fmedia&parent=96"}],"curies":[{"name":"wp","href":"https:\/\/api.w.org\/{rel}","templated":true}]}}