{"id":98,"date":"2023-07-31T06:03:29","date_gmt":"2023-07-31T06:03:29","guid":{"rendered":"http:\/\/update.treuhandverein.de\/?page_id=98"},"modified":"2023-07-31T06:03:29","modified_gmt":"2023-07-31T06:03:29","slug":"auflagen-zur-asf-seminarerlaubnis","status":"publish","type":"page","link":"https:\/\/treuhandverein.de\/?page_id=98","title":{"rendered":"Auflagen zur ASF-Seminarerlaubnis\u00a0"},"content":{"rendered":"<h2>Auflagen zur ASF-Seminarerlaubnis<\/h2>\n<ol>\n<li style=\"font-weight: 400;\">\u00dcber das Aufbauseminar sind Aufzeichnungen entsprechend \u00a7 31 Abs. 1 FahrlG zu f\u00fchren. Diese sind entsprechend \u00a7 31\u00a0Abs. 3 FahrlG aufzubewahren und auf Verlangen bei der \u00dcberwachung vorzulegen.<\/li>\n<li style=\"font-weight: 400;\">Aufbauseminare d\u00fcrfen nur in Unterrichtsr\u00e4umen von Fahrschulen durchgef\u00fchrt werden, die den Anforderungen nach \u00a7\u00a7 3 und 4 und der Anlage 2 DV-FahrlG sowie der Richtlinie \u00fcber die Ausstattung von Fahrschulen mit Lehrmittel in der jeweils g\u00fcltigen Fassung entsprechen und dar\u00fcber hinaus so beschaffen und eingerichtet sind, dass Gruppenarbeit stattfinden kann. Au\u00dferdem m\u00fcssen ausreichende freie Fl\u00e4chen zur Visualisierung der Arbeitsergebnisse zur Verf\u00fcgung stehen.<\/li>\n<li style=\"font-weight: 400;\">Bei den Aufbauseminaren muss als geeignete Visualisierungsm\u00f6glichkeit mindestens ein Flip-Chart eingesetzt werden. Au\u00dferdem m\u00fcssen f\u00fcr jeden Teilnehmer ausreichende zur Visualisierung von Redebeitr\u00e4gen geeignete Materialien (z.B. Metaplankarten) und Schreibstifte in ausreichender Zahl zur Verf\u00fcgung stehen.<\/li>\n<li style=\"font-weight: 400;\">Der beabsichtigte Beginn eines Aufbauseminars ist der nach \u00a7 50 Abs. 2 FahrlG \u00f6rtlich zust\u00e4ndigen Erlaubnisbeh\u00f6rde sowie der Gesch\u00e4ftsstelle des Treuhandvereins recht\u00adzeitig (in der Regel mindestens zwei Wochen vor Seminarbeginn) schriftlich mitzuteilen.<\/li>\n<li style=\"font-weight: 400;\">Nach der ersten Sitzung hat der\/die Seminarleiter\/in der Gesch\u00e4ftsstelle des Treuhandvereins die Termine f\u00fcr die zweite, dritte und vierte Sitzung des Aufbauseminars unverz\u00fcglich schriftlich, m\u00f6glichst per Fax oder per E-Mail, mitzuteilen. Werden Sitzungstermine verlegt, ist die Verlegung ebenfalls unverz\u00fcglich der Gesch\u00e4ftsstelle des Treuhandvereins mitzuteilen.<\/li>\n<li style=\"font-weight: 400;\">Damit die Seminarteilnehmer\/innen Gelegenheit haben, die in den einzelnen Sitzungen gewonnenen Erkenntnisse zu reflektieren und ihr Verhalten zu \u00fcberpr\u00fcfen, m\u00fcssen zwischen zwei Sitzungen mindestens zwei freie Tage liegen.<\/li>\n<li style=\"font-weight: 400;\">An einem Tag, an dem Fahrproben durchgef\u00fchrt werden, darf keine Sitzung stattfinden.<\/li>\n<li style=\"font-weight: 400;\">Wird im Laufe des Seminars die Mindestteilnehmerzahl von 6 Personen unterschritten, darf das Seminar fortgesetzt werden. Die f\u00fcr die Seminar\u00fcberwachung \u00f6rtlich zust\u00e4ndige Erlaubnisbeh\u00f6rde ist vom Seminarleiter unverz\u00fcglich zu\u00a0informieren.<\/li>\n<li style=\"font-weight: 400;\">Seminarteilnehmer\/innen, die das Seminar grob st\u00f6ren (z.B. im angetrunkenen Zustand erscheinen) sind von der Seminarteilnahme auszuschlie\u00dfen.<\/li>\n<li style=\"font-weight: 400;\">Die Teilnahmebescheinigung ist zu verweigern, wenn ein\/e Teilnehmer\/in nicht an allen Sitzungen und an der Fahrprobe teilgenommen hat (\u00a7 37 Abs. 2 FeV). Dies gilt nicht, wenn der\/die Teilnehmer\/in lediglich die letzte Seminarsitzung vers\u00e4umt hat, diese im Rahmen einer Einzelsitzung mit dem\/r Seminarleiter\/in nachgeholt wurde und das Vers\u00e4umnis auf einem zwingenden Grund wie insbesondere Krankheit beruhte. Erscheint ein\/e Teilnehmer\/in, gleich aus welchem Grund, erst mehr als 15 Minuten nach Sitzungsbeginn, ist er\/sie von der weiteren Seminarteilnahme auszuschlie\u00dfen.<\/li>\n<li style=\"font-weight: 400;\">Aufbauseminare k\u00f6nnen von zwei Seminarleiter\/innen in Komoderation durchgef\u00fchrt werden. In diesem Fall \u00fcbernimmt eine Person die Aufgabe des\/r Seminarleiter(s)\/in,<br \/>\ndie andere Assistenzfunktion. Beide Seminarleiter\/innen m\u00fcssen bei allen Sitzungen ununterbrochen anwesend sein. Die Fahrproben k\u00f6nnen auf beide Seminarleiter\/innen aufgeteilt werden. F\u00fcr die Einhaltung aller gesetzlichen Vorschriften sowie der Auflagen ist bei der Komoderation der\/die Seminarleiter\/in verantwortlich, der\/die die Aufgabe des\/r Seminarleiter(s)\/in \u00fcbernommen hat. Nur er\/sie unterschreibt die Teilnahmebescheinigungen. Bei der Seminar\u00fcberwachung wird auch nur diese\/r Seminarleiter\/in \u00fcberwacht.<\/li>\n<\/ol>\n","protected":false},"excerpt":{"rendered":"<p>Auflagen zur ASF-Seminarerlaubnis \u00dcber das Aufbauseminar sind Aufzeichnungen entsprechend \u00a7 31 Abs. 1 FahrlG zu f\u00fchren. Diese sind entsprechend \u00a7 31\u00a0Abs. 3 FahrlG aufzubewahren und auf Verlangen bei der \u00dcberwachung vorzulegen. Aufbauseminare d\u00fcrfen nur in Unterrichtsr\u00e4umen von Fahrschulen durchgef\u00fchrt werden, die den Anforderungen nach \u00a7\u00a7 3 und 4 und der Anlage 2 DV-FahrlG sowie der [&hellip;]<\/p>\n","protected":false},"author":1,"featured_media":0,"parent":0,"menu_order":0,"comment_status":"closed","ping_status":"closed","template":"","meta":{"footnotes":""},"_links":{"self":[{"href":"https:\/\/treuhandverein.de\/index.php?rest_route=\/wp\/v2\/pages\/98"}],"collection":[{"href":"https:\/\/treuhandverein.de\/index.php?rest_route=\/wp\/v2\/pages"}],"about":[{"href":"https:\/\/treuhandverein.de\/index.php?rest_route=\/wp\/v2\/types\/page"}],"author":[{"embeddable":true,"href":"https:\/\/treuhandverein.de\/index.php?rest_route=\/wp\/v2\/users\/1"}],"replies":[{"embeddable":true,"href":"https:\/\/treuhandverein.de\/index.php?rest_route=%2Fwp%2Fv2%2Fcomments&post=98"}],"version-history":[{"count":1,"href":"https:\/\/treuhandverein.de\/index.php?rest_route=\/wp\/v2\/pages\/98\/revisions"}],"predecessor-version":[{"id":99,"href":"https:\/\/treuhandverein.de\/index.php?rest_route=\/wp\/v2\/pages\/98\/revisions\/99"}],"wp:attachment":[{"href":"https:\/\/treuhandverein.de\/index.php?rest_route=%2Fwp%2Fv2%2Fmedia&parent=98"}],"curies":[{"name":"wp","href":"https:\/\/api.w.org\/{rel}","templated":true}]}}